{"id":1316,"date":"2017-10-16T04:10:26","date_gmt":"2017-10-16T04:10:26","guid":{"rendered":"http:\/\/ninzio.com\/agrikole\/?page_id=1316"},"modified":"2021-03-15T01:06:24","modified_gmt":"2021-03-14T22:06:24","slug":"about-us","status":"publish","type":"page","link":"http:\/\/ozleryumurta.com.tr\/ozler\/?page_id=1316","title":{"rendered":"Hakk\u0131m\u0131zda"},"content":{"rendered":"<p>[vc_row el_class=&#8221;overflow-visible&#8221;][vc_column]\r\n\t<div class=\"agrikole-spacer clearfix\" data-desktop=\"110\" data-mobi=\"60\" data-smobi=\"60\"><\/div>[vc_row_inner][vc_column_inner width=&#8221;1\/2&#8243;]<div class=\"agrikole-headings clearfix \" data-font=70 data-mfont=60 style=\"\"><div class=\"pre-heading clearfix\" style=\"font-weight:600;color:#5b8c51;font-size:14px;letter-spacing:3px;\">\r\n\t\tHakk\u0131m\u0131zda\r\n\t<\/div><h2 class=\"heading clearfix \" style=\"line-height:70px;font-size:70px;\">\r\n\t\tSizin i\u00e7in h\u0131zl\u0131 \u00e7\u00f6z\u00fcmler \u00fcretiyoruz.\r\n\t<\/h2><div class=\"sep clearfix\" style=\"margin:5px 0 0;\">\r\n\t\t\t\t<img decoding=\"async\" alt=\"image\" src=\"http:\/\/ozleryumurta.com.tr\/ozler\/wp-content\/uploads\/2020\/01\/separator-3.png\">\r\n\t\t\t<\/div><\/div>[\/vc_column_inner][vc_column_inner width=&#8221;1\/2&#8243;]\r\n\t<div class=\"agrikole-spacer clearfix\" data-desktop=\"37\" data-mobi=\"37\" data-smobi=\"37\"><\/div>[vc_column_text]\u00d6zler Yumurta; 1960 y\u0131l\u0131nda Manavgat b\u00f6lgesinde markaya ismini veren Yusuf \u00d6Z taraf\u0131ndan faaliyetlerine ba\u015flam\u0131\u015ft\u0131r. Ba\u015flang\u0131\u00e7ta parakende a\u011f\u0131rl\u0131kl\u0131 olan pazar tercihi turizm ve tesisle\u015fmenin artmas\u0131yla horeca kanal\u0131na y\u00f6nelmi\u015ftir.<br \/>\nGloballe\u015fen d\u00fcnyada de\u011fi\u015fen pazar ve m\u00fc\u015fteri profillerinde her ge\u00e7en g\u00fcn kendini yenileyen firmam\u0131z y\u00f6netimi \u00fc\u00e7\u00fcnc\u00fc ku\u015fa\u011f\u0131n devralmas\u0131yla \u00fcr\u00fcn portf\u00f6y\u00fcn\u00fc geli\u015ftirerek ev d\u0131\u015f\u0131 t\u00fcketim sekt\u00f6r\u00fcnde yerini alm\u0131\u015ft\u0131r.<br \/>\nTedarik\u00e7i firma olarak ilk g\u00fcnden bu yana anlay\u0131\u015f\u0131m\u0131z; s\u00fcrekli de\u011fi\u015fen pazar ve m\u00fc\u015fteri profillerinde ko\u015fulsuz m\u00fc\u015fteri memnuniyeti, kalite ve hizmette s\u00fcreklili\u011fi hedef alarak hijyen \u015fartlar\u0131na uygun \u00fcr\u00fcnleri tedarik edip, m\u00fc\u015fteri taleplerini zaman\u0131nda kar\u015f\u0131lamakt\u0131r.[\/vc_column_text][\/vc_column_inner][\/vc_row_inner][vc_row_inner][vc_column_inner width=&#8221;1\/2&#8243;][vc_column_text]<strong>M\u0130SYON<\/strong><br \/>\nYar\u0131m as\u0131rl\u0131k tecr\u00fcbe ile hizmette kaliteyi en \u00fcst safhada sunarken g\u0131da g\u00fcvenli\u011fi y\u00f6netim \u015fartlar\u0131na uyarak, hijyen ve ko\u015fulsuz m\u00fc\u015fteri memnuniyeti ilkesini kendisine prensip edinen firmam\u0131z, m\u00fc\u015fterilerine g\u00fcvenilir, etkin zamanda, temiz ve so\u011fuk zincir k\u0131r\u0131lmadan profesyonel lojistik a\u011f\u0131yla hizmetini s\u00fcrd\u00fcrmektir.<\/p>\n<p><strong>V\u0130ZYON<\/strong><br \/>\nD\u00fcnya turizminin ba\u015fkentlerinden biri olan Antalya\u2019m\u0131z\u0131n t\u00fcm turistik tesis ve tatil k\u00f6ylerinin ihtiya\u00e7lar\u0131n\u0131 g\u00fcven ve fayda g\u00f6zeterek g\u0131da g\u00fcvenli\u011fi y\u00f6netim \u015fartlar\u0131na uygun olarak kar\u015f\u0131lamak.<strong><\/strong>[\/vc_column_text][\/vc_column_inner][vc_column_inner width=&#8221;1\/2&#8243;]\r\n\t<div class=\"agrikole-spacer clearfix\" data-desktop=\"37\" data-mobi=\"37\" data-smobi=\"37\"><\/div><div class=\"agrikole-headings clearfix \" data-font=70 data-mfont=60 style=\"\"><div class=\"pre-heading clearfix\" style=\"font-weight:600;color:#5b8c51;font-size:14px;letter-spacing:3px;\">\r\n\t\tHakk\u0131m\u0131zda\r\n\t<\/div><h2 class=\"heading clearfix \" style=\"line-height:70px;font-size:70px;\">\r\n\t\tMisyonumuz<br \/>\nVizyonumuz\r\n\t<\/h2><div class=\"sep clearfix\" style=\"margin:5px 0 0;\">\r\n\t\t\t\t<img decoding=\"async\" alt=\"image\" src=\"http:\/\/ozleryumurta.com.tr\/ozler\/wp-content\/uploads\/2020\/01\/separator-3.png\">\r\n\t\t\t<\/div><\/div>[\/vc_column_inner][\/vc_row_inner]\r\n\t<div class=\"agrikole-spacer clearfix\" data-desktop=\"55\" data-mobi=\"30\" data-smobi=\"30\"><\/div>[vc_row_inner equal_height=&#8221;yes&#8221;][vc_column_inner width=&#8221;2\/3&#8243;]<div class=\"agrikole-images-grid clearfix\" data-layout=\"grid\" data-column=\"4\" data-column2=\"3\" data-column3=\"2\" data-column4=\"1\" data-gaph=\"30\" data-gapv=\"30\"><div id=\"images-wrap\" class=\"cbp\"><div class=\"cbp-item\"><div class=\"item-wrap\" style=\"border-radius:5px;overflow:hidden;\"><a class=\"zoom-popup cbp-lightbox\" href=\"http:\/\/ozleryumurta.com.tr\/ozler\/wp-content\/uploads\/2021\/01\/4.jpg\"><\/a><img decoding=\"async\" src=\"http:\/\/ozleryumurta.com.tr\/ozler\/wp-content\/uploads\/2021\/01\/4.jpg\" alt=\"image\" \/><\/div><\/div><div class=\"cbp-item\"><div class=\"item-wrap\" style=\"border-radius:5px;overflow:hidden;\"><a class=\"zoom-popup cbp-lightbox\" href=\"http:\/\/ozleryumurta.com.tr\/ozler\/wp-content\/uploads\/2021\/01\/5.jpg\"><\/a><img decoding=\"async\" src=\"http:\/\/ozleryumurta.com.tr\/ozler\/wp-content\/uploads\/2021\/01\/5.jpg\" alt=\"image\" \/><\/div><\/div><\/div><\/div>\r\n\t<div class=\"agrikole-spacer clearfix\" data-desktop=\"0\" data-mobi=\"30\" data-smobi=\"30\"><\/div>[\/vc_column_inner][vc_column_inner width=&#8221;1\/3&#8243;]<div class=\"agrikole-content-box clearfix overflow-hidden\" data-padding=\"131px 40px 131px\" data-mobipadding=\"131px 40px 131px\" data-margin=\"\" data-mobimargin=\"\" >\r\n\t\t<div class=\"inner ctb-1061349548\" style=\"background:url(http:\/\/ozleryumurta.com.tr\/ozler\/wp-content\/uploads\/2021\/01\/7.jpg) left top no-repeat;background-size:cover;\"  data-background=\"\" data-rounded=\"5px\" data-border-style=\"solid\" data-border-style-hover=\"solid\">\r\n\t\t\t[vc_column_text]<\/p>\n<h3 style=\"font-size: 50px; line-height: 70px; color: #eddd5e; text-align: center;\"><span style=\"color: #000000;\">YARIM ASIRLIK TECR\u00dcBE \u0130LE H\u0130ZMET\u0130N\u0130ZDEY\u0130Z<\/span><\/h3>\n<p>[\/vc_column_text]\r\n\t\t<\/div>\r\n\t<\/div>[\/vc_column_inner][\/vc_row_inner]\r\n\t<div class=\"agrikole-spacer clearfix\" data-desktop=\"50\" data-mobi=\"60\" data-smobi=\"60\"><\/div>[\/vc_column][\/vc_row][vc_row][vc_column]\r\n\t<div class=\"agrikole-spacer clearfix\" data-desktop=\"118\" data-mobi=\"50\" data-smobi=\"50\"><\/div>\r\n<div class=\"agrikole-partner style-2 arrow-center bullet-square offsetcenter offset-v0\" data-auto=\"false\" data-loop=\"false\" data-column=\"5\" data-column2=\"3\" data-column3=\"2\" data-gap=\"55\">\r\n\t\r\n\t<div class=\"owl-carousel owl-theme\">\r\n\t            \t<div class=\"partner-item clearfix\">\r\n        \t\t<div class=\"inner\">\r\n\t\t            \t\t            \t<a target=\"_blank\" href=\"http:\/\/superfresh.com.tr\">\r\n\t    \t\t\t\t<div class=\"thumb\">\r\n\t\t    \t\t\t\t<img loading=\"lazy\" decoding=\"async\" width=\"323\" height=\"138\" src=\"http:\/\/ozleryumurta.com.tr\/ozler\/wp-content\/uploads\/2020\/02\/superfresh.png\" class=\"attachment-full size-full wp-post-image\" alt=\"\" srcset=\"http:\/\/ozleryumurta.com.tr\/ozler\/wp-content\/uploads\/2020\/02\/superfresh.png 323w, http:\/\/ozleryumurta.com.tr\/ozler\/wp-content\/uploads\/2020\/02\/superfresh-300x128.png 300w\" sizes=\"auto, (max-width: 323px) 100vw, 323px\" \/>\t    \t\t\t\t<\/div>\r\n\t    \t\t\t\t<\/a>\r\n\t         \t\t        \t\t<\/div>\r\n            <\/div>\r\n\t\t        \t<div class=\"partner-item clearfix\">\r\n        \t\t<div class=\"inner\">\r\n\t\t            \t\t            \t<a target=\"_blank\" href=\"http:\/\/tukas.com.tr\">\r\n\t    \t\t\t\t<div class=\"thumb\">\r\n\t\t    \t\t\t\t<img loading=\"lazy\" decoding=\"async\" width=\"323\" height=\"138\" src=\"http:\/\/ozleryumurta.com.tr\/ozler\/wp-content\/uploads\/2020\/02\/tukas_logo.png\" class=\"attachment-full size-full wp-post-image\" alt=\"\" srcset=\"http:\/\/ozleryumurta.com.tr\/ozler\/wp-content\/uploads\/2020\/02\/tukas_logo.png 323w, http:\/\/ozleryumurta.com.tr\/ozler\/wp-content\/uploads\/2020\/02\/tukas_logo-300x128.png 300w\" sizes=\"auto, (max-width: 323px) 100vw, 323px\" \/>\t    \t\t\t\t<\/div>\r\n\t    \t\t\t\t<\/a>\r\n\t         \t\t        \t\t<\/div>\r\n            <\/div>\r\n\t\t        \t<div class=\"partner-item clearfix\">\r\n        \t\t<div class=\"inner\">\r\n\t\t            \t\t            \t<a target=\"_blank\" href=\"http:\/\/droetker.com.tr\">\r\n\t    \t\t\t\t<div class=\"thumb\">\r\n\t\t    \t\t\t\t<img loading=\"lazy\" decoding=\"async\" width=\"323\" height=\"138\" src=\"http:\/\/ozleryumurta.com.tr\/ozler\/wp-content\/uploads\/2020\/02\/dr-oetker.png\" class=\"attachment-full size-full wp-post-image\" alt=\"\" srcset=\"http:\/\/ozleryumurta.com.tr\/ozler\/wp-content\/uploads\/2020\/02\/dr-oetker.png 323w, http:\/\/ozleryumurta.com.tr\/ozler\/wp-content\/uploads\/2020\/02\/dr-oetker-300x128.png 300w\" sizes=\"auto, (max-width: 323px) 100vw, 323px\" \/>\t    \t\t\t\t<\/div>\r\n\t    \t\t\t\t<\/a>\r\n\t         \t\t        \t\t<\/div>\r\n            <\/div>\r\n\t\t        \t<div class=\"partner-item clearfix\">\r\n        \t\t<div class=\"inner\">\r\n\t\t            \t\t            \t<a target=\"_blank\" href=\"http:\/\/hayat.com.tr\">\r\n\t    \t\t\t\t<div class=\"thumb\">\r\n\t\t    \t\t\t\t<img loading=\"lazy\" decoding=\"async\" width=\"323\" height=\"138\" src=\"http:\/\/ozleryumurta.com.tr\/ozler\/wp-content\/uploads\/2020\/02\/hayat.png\" class=\"attachment-full size-full wp-post-image\" alt=\"\" srcset=\"http:\/\/ozleryumurta.com.tr\/ozler\/wp-content\/uploads\/2020\/02\/hayat.png 323w, http:\/\/ozleryumurta.com.tr\/ozler\/wp-content\/uploads\/2020\/02\/hayat-300x128.png 300w\" sizes=\"auto, (max-width: 323px) 100vw, 323px\" \/>\t    \t\t\t\t<\/div>\r\n\t    \t\t\t\t<\/a>\r\n\t         \t\t        \t\t<\/div>\r\n            <\/div>\r\n\t\t        \t<div class=\"partner-item clearfix\">\r\n        \t\t<div class=\"inner\">\r\n\t\t            \t\t            \t<a target=\"_blank\" href=\"http:\/\/focusprofesyonel.com\">\r\n\t    \t\t\t\t<div class=\"thumb\">\r\n\t\t    \t\t\t\t<img loading=\"lazy\" decoding=\"async\" width=\"323\" height=\"138\" src=\"http:\/\/ozleryumurta.com.tr\/ozler\/wp-content\/uploads\/2020\/02\/focus.png\" class=\"attachment-full size-full wp-post-image\" alt=\"\" srcset=\"http:\/\/ozleryumurta.com.tr\/ozler\/wp-content\/uploads\/2020\/02\/focus.png 323w, http:\/\/ozleryumurta.com.tr\/ozler\/wp-content\/uploads\/2020\/02\/focus-300x128.png 300w\" sizes=\"auto, (max-width: 323px) 100vw, 323px\" \/>\t    \t\t\t\t<\/div>\r\n\t    \t\t\t\t<\/a>\r\n\t         \t\t        \t\t<\/div>\r\n            <\/div>\r\n\t\t        \t<div class=\"partner-item clearfix\">\r\n        \t\t<div class=\"inner\">\r\n\t\t            \t\t            \t<a target=\"_blank\" href=\"http:\/\/unifood.com.tr\">\r\n\t    \t\t\t\t<div class=\"thumb\">\r\n\t\t    \t\t\t\t<img loading=\"lazy\" decoding=\"async\" width=\"323\" height=\"138\" src=\"http:\/\/ozleryumurta.com.tr\/ozler\/wp-content\/uploads\/2020\/02\/unifood.png\" class=\"attachment-full size-full wp-post-image\" alt=\"\" srcset=\"http:\/\/ozleryumurta.com.tr\/ozler\/wp-content\/uploads\/2020\/02\/unifood.png 323w, http:\/\/ozleryumurta.com.tr\/ozler\/wp-content\/uploads\/2020\/02\/unifood-300x128.png 300w\" sizes=\"auto, (max-width: 323px) 100vw, 323px\" \/>\t    \t\t\t\t<\/div>\r\n\t    \t\t\t\t<\/a>\r\n\t         \t\t        \t\t<\/div>\r\n            <\/div>\r\n\t\t        \t<div class=\"partner-item clearfix\">\r\n        \t\t<div class=\"inner\">\r\n\t\t            \t\t            \t<a target=\"_blank\" href=\"http:\/\/lesaffre.com.tr\">\r\n\t    \t\t\t\t<div class=\"thumb\">\r\n\t\t    \t\t\t\t<img loading=\"lazy\" decoding=\"async\" width=\"323\" height=\"138\" src=\"http:\/\/ozleryumurta.com.tr\/ozler\/wp-content\/uploads\/2020\/01\/lesaffre.png\" class=\"attachment-full size-full wp-post-image\" alt=\"\" srcset=\"http:\/\/ozleryumurta.com.tr\/ozler\/wp-content\/uploads\/2020\/01\/lesaffre.png 323w, http:\/\/ozleryumurta.com.tr\/ozler\/wp-content\/uploads\/2020\/01\/lesaffre-300x128.png 300w\" sizes=\"auto, (max-width: 323px) 100vw, 323px\" \/>\t    \t\t\t\t<\/div>\r\n\t    \t\t\t\t<\/a>\r\n\t         \t\t        \t\t<\/div>\r\n            <\/div>\r\n\t\t        \t<div class=\"partner-item clearfix\">\r\n        \t\t<div class=\"inner\">\r\n\t\t            \t\t            \t<a target=\"_blank\" href=\"http:\/\/ipay.com.tr\">\r\n\t    \t\t\t\t<div class=\"thumb\">\r\n\t\t    \t\t\t\t<img loading=\"lazy\" decoding=\"async\" width=\"323\" height=\"138\" src=\"http:\/\/ozleryumurta.com.tr\/ozler\/wp-content\/uploads\/2017\/10\/ipay.png\" class=\"attachment-full size-full wp-post-image\" alt=\"\" srcset=\"http:\/\/ozleryumurta.com.tr\/ozler\/wp-content\/uploads\/2017\/10\/ipay.png 323w, http:\/\/ozleryumurta.com.tr\/ozler\/wp-content\/uploads\/2017\/10\/ipay-300x128.png 300w\" sizes=\"auto, (max-width: 323px) 100vw, 323px\" \/>\t    \t\t\t\t<\/div>\r\n\t    \t\t\t\t<\/a>\r\n\t         \t\t        \t\t<\/div>\r\n            <\/div>\r\n\t\t        \t<div class=\"partner-item clearfix\">\r\n        \t\t<div class=\"inner\">\r\n\t\t            \t\t            \t<a target=\"_blank\" href=\"http:\/\/cemzeytin.com.tr\">\r\n\t    \t\t\t\t<div class=\"thumb\">\r\n\t\t    \t\t\t\t<img loading=\"lazy\" decoding=\"async\" width=\"323\" height=\"138\" src=\"http:\/\/ozleryumurta.com.tr\/ozler\/wp-content\/uploads\/2017\/10\/cemlogo.png\" class=\"attachment-full size-full wp-post-image\" alt=\"\" srcset=\"http:\/\/ozleryumurta.com.tr\/ozler\/wp-content\/uploads\/2017\/10\/cemlogo.png 323w, http:\/\/ozleryumurta.com.tr\/ozler\/wp-content\/uploads\/2017\/10\/cemlogo-300x128.png 300w\" sizes=\"auto, (max-width: 323px) 100vw, 323px\" \/>\t    \t\t\t\t<\/div>\r\n\t    \t\t\t\t<\/a>\r\n\t         \t\t        \t\t<\/div>\r\n            <\/div>\r\n\t\t\t<\/div><!-- \/.owl-carousel -->\r\n\r\n<\/div><!-- \/.agrikole-partner -->\r\n\r\n\r\n\t<div class=\"agrikole-spacer clearfix\" data-desktop=\"118\" data-mobi=\"50\" data-smobi=\"50\"><\/div>[\/vc_column][\/vc_row][vc_row][vc_column]\r\n\t<div class=\"agrikole-spacer clearfix\" data-desktop=\"118\" data-mobi=\"50\" data-smobi=\"50\"><\/div>[vc_single_image image=&#8221;13942&#8243;][\/vc_column][\/vc_row][vc_row][vc_column][vc_row_inner][vc_column_inner width=&#8221;1\/2&#8243;]<div class=\"agrikole-content-box clearfix \" data-padding=\"-39px 60px\" data-mobipadding=\"-39px 60px\" data-margin=\"-112px 0 0 30px\" data-mobimargin=\"-112px 0 0 30px\" >\r\n\t\t<div class=\"inner ctb-1369219269 accent\" style=\" width:270px;\"  data-rounded=\"5px\" data-border-style=\"solid\" data-border-style-hover=\"solid\">\r\n\t\t\t<div class=\"agrikole-headings clearfix \" data-font=60 style=\"\"><h2 class=\"heading clearfix \" style=\"color:#404a3d;line-height:60px;font-size:60px;\">\r\n\t\t60 YILLIK\r\n\t<\/h2><div class=\"sub-heading clearfix\">\r\n\t\t<div style=\"color: #404a3d; letter-spacing: 2.5px; font-weight: 600;\">TECR\u00dcBE<\/div>\n\r\n\t<\/div><\/div>\r\n\t\t<\/div>\r\n\t<\/div>\r\n\t<div class=\"agrikole-spacer clearfix\" data-desktop=\"0\" data-mobi=\"0\" data-smobi=\"500\"><\/div>[\/vc_column_inner][vc_column_inner width=&#8221;1\/2&#8243;]<div class=\"agrikole-content-box clearfix \" data-padding=\"80px 120px 120px\" data-mobipadding=\"40px\" data-margin=\"-743px 0px 0px -150px\" data-mobimargin=\"-543px 0px 0px 0px\" >\r\n\t\t<div class=\"inner ctb-723846881\" style=\"\"  data-background=\"#ffffff\" data-rounded=\"5px\" data-border-style=\"solid\" data-shadow=\" 0px 20px 20px 0px rgba(0,0,0,0.05)\" data-border-style-hover=\"solid\">\r\n\t\t\t<div class=\"agrikole-headings clearfix \" data-font=70 data-mfont=60 style=\"\"><h2 class=\"heading clearfix \" style=\"line-height:70px;font-size:70px;\">\r\n\t\tKalite ilkelerimiz\r\n\t<\/h2><div class=\"sep clearfix\" style=\"margin:5px 0 0;\">\r\n\t\t\t\t<img decoding=\"async\" alt=\"image\" src=\"http:\/\/ozleryumurta.com.tr\/ozler\/wp-content\/uploads\/2020\/01\/separator-3.png\">\r\n\t\t\t<\/div><\/div>\r\n\t<div class=\"agrikole-spacer clearfix\" data-desktop=\"35\" data-mobi=\"35\" data-smobi=\"35\"><\/div>[vc_column_text]1-M\u00fc\u015fteri odakl\u0131 \u00e7al\u0131\u015fmak,<br \/>\n2-M\u00fc\u015fterilerimizin beklentilerini tam anlam\u0131yla kar\u015f\u0131layacak hizmet vermek,<br \/>\n3-\u00c7al\u0131\u015fanlar\u0131m\u0131z\u0131n memnuniyetini sa\u011flamak,<br \/>\n4-Kalitemizden \u00f6d\u00fcn vermeden maliyetlerimizi minimize ederek rekabet g\u00fcc\u00fcm\u00fcz\u00fc art\u0131rmak,<br \/>\n5-Toplam Kalite Y\u00f6netimi politikam\u0131z do\u011frultusunda, kalite ve hizmette s\u00fcreklili\u011fi hedef alarak, \u00e7al\u0131\u015fanlar\u0131m\u0131z\u0131 hijyen ve sanitasyon konusunda s\u00fcrekli e\u011fiterek insan ve \u00e7evre sa\u011fl\u0131\u011f\u0131n\u0131 \u00f6n planda tutmak, g\u0131da g\u00fcvenli\u011fi y\u00f6netim \u015fartlar\u0131na uymak ve s\u00fcrekli iyile\u015ftirmeler yaparak her ko\u015fulda kaliteden \u00f6d\u00fcn vermemek.[\/vc_column_text]\r\n\t<div class=\"agrikole-spacer clearfix\" data-desktop=\"35\" data-mobi=\"35\" data-smobi=\"35\"><\/div>\r\n\t\t<\/div>\r\n\t<\/div>[\/vc_column_inner][\/vc_row_inner][\/vc_column][\/vc_row]<\/p>\n","protected":false},"excerpt":{"rendered":"<p>[vc_row el_class=&#8221;overflow-visible&#8221;][vc_column][vc_row_inner][vc_column_inner width=&#8221;1\/2&#8243;][\/vc_column_inner][vc_column_inner width=&#8221;1\/2&#8243;][vc_column_text]\u00d6zler Yumurta; 1960 y\u0131l\u0131nda Manavgat b\u00f6lgesinde markaya ismini veren Yusuf \u00d6Z taraf\u0131ndan faaliyetlerine ba\u015flam\u0131\u015ft\u0131r. Ba\u015flang\u0131\u00e7ta parakende a\u011f\u0131rl\u0131kl\u0131 olan pazar tercihi turizm ve tesisle\u015fmenin artmas\u0131yla horeca kanal\u0131na y\u00f6nelmi\u015ftir. Globalle\u015fen d\u00fcnyada de\u011fi\u015fen pazar ve m\u00fc\u015fteri profillerinde her ge\u00e7en g\u00fcn kendini yenileyen firmam\u0131z y\u00f6netimi \u00fc\u00e7\u00fcnc\u00fc ku\u015fa\u011f\u0131n devralmas\u0131yla \u00fcr\u00fcn portf\u00f6y\u00fcn\u00fc geli\u015ftirerek<\/p>\n","protected":false},"author":1,"featured_media":0,"parent":0,"menu_order":0,"comment_status":"closed","ping_status":"closed","template":"","meta":{"footnotes":""},"class_list":["post-1316","page","type-page","status-publish","hentry"],"_links":{"self":[{"href":"http:\/\/ozleryumurta.com.tr\/ozler\/index.php?rest_route=\/wp\/v2\/pages\/1316","targetHints":{"allow":["GET"]}}],"collection":[{"href":"http:\/\/ozleryumurta.com.tr\/ozler\/index.php?rest_route=\/wp\/v2\/pages"}],"about":[{"href":"http:\/\/ozleryumurta.com.tr\/ozler\/index.php?rest_route=\/wp\/v2\/types\/page"}],"author":[{"embeddable":true,"href":"http:\/\/ozleryumurta.com.tr\/ozler\/index.php?rest_route=\/wp\/v2\/users\/1"}],"replies":[{"embeddable":true,"href":"http:\/\/ozleryumurta.com.tr\/ozler\/index.php?rest_route=%2Fwp%2Fv2%2Fcomments&post=1316"}],"version-history":[{"count":21,"href":"http:\/\/ozleryumurta.com.tr\/ozler\/index.php?rest_route=\/wp\/v2\/pages\/1316\/revisions"}],"predecessor-version":[{"id":14574,"href":"http:\/\/ozleryumurta.com.tr\/ozler\/index.php?rest_route=\/wp\/v2\/pages\/1316\/revisions\/14574"}],"wp:attachment":[{"href":"http:\/\/ozleryumurta.com.tr\/ozler\/index.php?rest_route=%2Fwp%2Fv2%2Fmedia&parent=1316"}],"curies":[{"name":"wp","href":"https:\/\/api.w.org\/{rel}","templated":true}]}}